{"id":6521,"date":"2020-01-03T17:06:18","date_gmt":"2020-01-03T22:06:18","guid":{"rendered":"https:\/\/studio360solutions.ca\/realestate-photographer-montral-photographe-immobilier\/"},"modified":"2024-01-11T16:36:15","modified_gmt":"2024-01-11T21:36:15","slug":"realestate-photographer-montreal","status":"publish","type":"page","link":"https:\/\/studio360solutions.ca\/en\/realestate-photographer-montreal\/","title":{"rendered":"Realestate-Photographer-Montreal"},"content":{"rendered":"\n<p><\/p>\n\n\n\n<p><h1>Photographe Immobilier &#8211; Montreal &#8211; Realestate photographer<\/h1><br>center<br>no-repeat;left top;;<br>auto<br><br>6037,6036,6035,6034,6033,6032,6031,6030,6029,6028,6027,6026,6025,6024,6023,6022,6021,6020,6019,6018,6017,6016,6015,6014,6013,6012,6011,6010,6009,6008,6007,6006,6005,6004,6003,6002,6001,6000,5999,5998,5997,5996,5995,5994,5993,5992,5991,5990,5989,5988,5987,5986,5985,5984,5983,5982,5981,5980,5979,5978,5977,5976,5975,5974,5973,5972,5971,5970,5969,5968,5967,5966,5965,5964,5963,5962,5961,5960,5959,5958,5957,5956,5955,5954,5953,5952,5951,5950,5949,5948,5947,5946,5945,5944,5943<br>5<br>medium<br>masonry<br><br><h2>Nous sommes plus qu\\&#8217;un service de photographie pour courtier immobilier!<\/h2>\r<br>\r<br><h3>Notre photographe pour les courtiers immobiliers s\\&#8217;assure que l\\&#8217;espace est le plus ad\u00e9quates pour une prise de vue. Chaque pi\u00e8ce doit \u00eatre optimis\u00e9, comptoir de cuisine d\u00e9gag\u00e9, comptoir de salle de bain \u00e9galement. Tout objet n\\&#8217;ayant pas un attrait esth\u00e9tique sera retir\u00e9, comme les objets fonctionnels: poubelle de cuisine, rouleau d\u2019essuie-tout, tapis de sol devant les comptoir de cuisine ou entr\u00e9e de porte.\r<br>Le but est d\u2019all\u00e9ger la pi\u00e8ce pour laisser une libert\u00e9 \u00e0 l\u2019\u0153il, de voyager dans l\\&#8217;espace avec l\u00e9g\u00e8ret\u00e9.<\/h3>\r<br><h2>Nous sommes votre pr\u00e9cieux collaborateur!<\/h2>\r<br><h3>Nous vous prenons autant de photos que n\u00e9cessaire, pas de limite. Le travail ne s\u2019arr\u00eate pas \u00e0 la prise de vue. Nous avons un travail minutieux pour optimiser l\\&#8217;image comme dans un magazine de design d\u2019int\u00e9rieur. Nous recherchons une image au couleur naturel dans un espace lumineux. Nous cr\u00e9ons des photos qui font amener de la visite sur votre site  et visite libre.<\/h3><br>no-repeat;left top;;<br>auto<br><br><h2>R\u00e9servez votre session<\/h2><br>icon-cloud-thunder<br><h3>Appelez-nous <a href=\"tel:+18443602360\">+1 844 360 2360<\/a><\/h3><br><br><\/p>\n\n\n\n<p><h1>Photographe Immobilier &#8211; Montreal &#8211; Realestate photographer<\/h1><br>center<br>no-repeat;left top;;<br>auto<br><br>6037,6036,6035,6034,6033,6032,6031,6030,6029,6028,6027,6026,6025,6024,6023,6022,6021,6020,6019,6018,6017,6016,6015,6014,6013,6012,6011,6010,6009,6008,6007,6006,6005,6004,6003,6002,6001,6000,5999,5998,5997,5996,5995,5994,5993,5992,5991,5990,5989,5988,5987,5986,5985,5984,5983,5982,5981,5980,5979,5978,5977,5976,5975,5974,5973,5972,5971,5970,5969,5968,5967,5966,5965,5964,5963,5962,5961,5960,5959,5958,5957,5956,5955,5954,5953,5952,5951,5950,5949,5948,5947,5946,5945,5944,5943<br>5<br>medium<br>masonry<br><br><h2>Nous sommes plus qu\\&#8217;un service de photographie pour courtier immobilier!<\/h2>\r<br>\r<br><h3>Notre photographe pour les courtiers immobiliers en plus d\\&#8217;etre ponctuel et courtois, il  s\\&#8217;assure que l\\&#8217;espace est le plus ad\u00e9quates pour une prise de vue. Chaque pi\u00e8ce doit \u00eatre optimis\u00e9, comptoir de cuisine d\u00e9gag\u00e9, comptoir de salle de bain \u00e9galement. Tout objet n\\&#8217;ayant pas un attrait esth\u00e9tique sera retir\u00e9, comme les objets fonctionnels (exemple: poubelle de cuisine, rouleau d\u2019essuie-tout, tapis de sol devant les comptoir de cuisine ou entr\u00e9e de porte. pour ne nommer qu\\&#8217;eux)\r<br>Les acheteurs sont bombard\u00e9s d\u2019images plus de 2000 pour la recherche pour leur prochaine demeure. Le but est d\u2019all\u00e9ger la pi\u00e8ce pour laisser une libert\u00e9 \u00e0 l\u2019\u0153il, de voyager dans l\\&#8217;espace avec l\u00e9g\u00e8ret\u00e9. <\/h3>\r<br>\r<br><h2>Nous sommes votre pr\u00e9cieux collaborateur!<\/h2>\r<br>\r<br><h3>Nous vous prenons autant de photos que n\u00e9cessaire, pas de limite.Nos tarifs sont bas\u00e9s sur la superficie a couvrir.\r<br> Le travail ne s\u2019arr\u00eate pas \u00e0 la prise de vue. Nous travaillons minutieusement pour optimiser l\\&#8217;image comme dans un magazine de design d\u2019int\u00e9rieur. Nous recherchons une image au couleur naturel dans un espace lumineux.\r<br>Nous cr\u00e9ons des photos qui font amener de la visite sur votre site  et visite libre. Avoir l\\&#8217;un de mes meilleurs photographe immobilier du Grand Montr\u00e9al remontrera du professionnalismes aupr\u00e8s de vos clients <\/h3><br>no-repeat;left top;;<br>auto<br><br><h2>R\u00e9servez votre session<\/h2><br>icon-camera<br><h3>Appelez-nous <a href=\"tel:+18443602360\">+1 844 360 2360<\/a><\/h3><br><br>CONDO<br>135$ +tx<br>Photo illimit\u00e9\r<br>Partie commune inclus\r<br>Livraison rapide  des fichiers<br>box<br><br>Maison (&lt;2000pi2)<br>160$ +tx<br>Photo illimit\u00e9\r<br>Ext\u00e9rieur inclus\r<br>Livraison rapide  des fichiers<br>box<br><br>Maison (&lt;4500pi2)<br>220$ +tx<br>Photo illimit\u00e9\r<br>Ext\u00e9rieur inclus\r<br>Livraison rapide  des fichiers<br>box<br><br><\/p>\n\n\n\n<p><h1>Photographe Immobilier &#8211; Montreal &#8211; Realestate photographer<\/h1><br>center<br>no-repeat;left top;;<br>auto<br><br>6037,6036,6035,6034,6033,6032,6031,6030,6029,6028,6027,6026,6025,6024,6023,6022,6021,6020,6019,6018,6017,6016,6015,6014,6013,6012,6011,6010,6009,6008,6007,6006,6005,6004,6003,6002,6001,6000,5999,5998,5997,5996,5995,5994,5993,5992,5991,5990,5989,5988,5987,5986,5985,5984,5983,5982,5981,5980,5979,5978,5977,5976,5975,5974,5973,5972,5971,5970,5969,5968,5967,5966,5965,5964,5963,5962,5961,5960,5959,5958,5957,5956,5955,5954,5953,5952,5951,5950,5949,5948,5947,5946,5945,5944,5943<br>3<br>medium<br>masonry<br><br><h2>R\u00e9servez votre session<\/h2><br>icon-camera<br><h3>Appelez-nous <a href=\"tel:+18443602360\">+1 844 360 2360<\/a><\/h3><br><br><h2>Nous sommes plus qu\\&#8217;un service de photographie pour courtier immobilier !<\/h2>\r<br>\r<br><h3>Notre photographe pour courtiers immobiliers s\\&#8217;assure, en plus d\u2019\u00eatre ponctuel et courtois, que l\\&#8217;espace est le plus ad\u00e9quate possible pour une prise de vue. Pour se faire, chaque pi\u00e8ce doit \u00eatre optimis\u00e9e comme un comptoir de cuisine et de salle de bain bien d\u00e9gag\u00e9. Tout objet sans attrait esth\u00e9tique sera retir\u00e9, comme les objets fonctionnels (exemple: poubelle de cuisine, rouleau d\u2019essuie-tout, tapis de sol devant les comptoir de cuisine ou entr\u00e9e de porte pour ne nommer qu\\&#8217;eux).\r<br>\r<br>\r<br>Les acheteurs sont bombard\u00e9s d\u2019images (soit plus de 2000 lors de la recherche de leur prochaine demeure), c\\&#8217;est pourquoi le but est d\u2019all\u00e9ger la pi\u00e8ce pour laisser une libert\u00e9 \u00e0 l\u2019\u0153il du futur acheteur potentiel, de voyager dans l\\&#8217;espace avec l\u00e9g\u00e8ret\u00e9. <\/h3>\r<br>\r<br><h2>Nous sommes votre pr\u00e9cieux collaborateur !<\/h2>\r<br>\r<br><h3>Nous prenons autant de photos que n\u00e9cessaire: aucune limite. Nos tarifs sont bas\u00e9s sur la superficie \u00e0 couvrir.\r<br>Le travail du photographe ne s\u2019arr\u00eate pas \u00e0 la prise de vue. Nous travaillons minutieusement pour optimiser l\\&#8217;image comme dans un magazine de design d\u2019int\u00e9rieur. Nous recherchons une image aux couleurs naturelles dans un espace lumineux.\r<br>\r<br>Nous cr\u00e9ons des photos qui am\u00e8ne le futur acheteur de la visite virtuelle \u00e0 la visite libre. Avoir l\\&#8217;un des meilleurs photographes immobiliers du Grand Montr\u00e9al assurera vos clients de votre professionnalisme.<\/h3><br>no-repeat;left top;;<br>auto<br><br>CONDO (&lt;1400pi2)<br>135$ +tx<br>Photo illimit\u00e9e\r<br>Parties communes incluses\r<br>Livraison rapide  des fichiers\r<br>D\u00e9placement inclus  dans un rayon de 20km du centre-ville de Montr\u00e9al<br>box<br><br>Maison (&lt;2000pi2)<br>160$ +tx<br>Photo illimit\u00e9e\r<br>Ext\u00e9rieur inclus\r<br>Livraison rapide  des fichiers\r<br>D\u00e9placement inclus  dans un rayon de 20km du centre-ville de Montr\u00e9al<br>box<br><br>Maison (&lt;4500pi2)<br>220$ +tx<br>Photo illimit\u00e9e\r<br>Ext\u00e9rieur inclus\r<br>Livraison rapide  des fichiers\r<br>D\u00e9placement inclus  dans un rayon de 20km du centre-ville de Montr\u00e9al<br>box<br><br><h2>R\u00e9servez votre s\u00e9ance photo pour votre prochaine mise en march\u00e9 d\\&#8217;une propri\u00e9t\u00e9 \u00e0 l\\&#8217;aide du formulaire ci-dessous:<\/h2><br>no-repeat;left top;;<br>auto<br><br><p class=\"wpcf7-contact-form-not-found\"><strong>Error:<\/strong> Contact form not found.<\/p><br>no-repeat;left top;;<br>auto<br><br><\/p>\n","protected":false},"excerpt":{"rendered":"<p>Photographe Immobilier &#8211; Montreal &#8211; Realestate photographer centerno-repeat;left top;;auto 6037,6036,6035,6034,6033,6032,6031,6030,6029,6028,6027,6026,6025,6024,6023,6022,6021,6020,6019,6018,6017,6016,6015,6014,6013,6012,6011,6010,6009,6008,6007,6006,6005,6004,6003,6002,6001,6000,5999,5998,5997,5996,5995,5994,5993,5992,5991,5990,5989,5988,5987,5986,5985,5984,5983,5982,5981,5980,5979,5978,5977,5976,5975,5974,5973,5972,5971,5970,5969,5968,5967,5966,5965,5964,5963,5962,5961,5960,5959,5958,5957,5956,5955,5954,5953,5952,5951,5950,5949,5948,5947,5946,5945,5944,59435mediummasonry Nous sommes plus qu\\&#8217;un service de photographie pour courtier immobilier! Notre photographe pour les courtiers immobiliers<span class=\"excerpt-hellip\"> [\u2026]<\/span><\/p>\n","protected":false},"author":1,"featured_media":0,"parent":0,"menu_order":0,"comment_status":"closed","ping_status":"closed","template":"","meta":{"footnotes":""},"class_list":["post-6521","page","type-page","status-publish","hentry"],"_links":{"self":[{"href":"https:\/\/studio360solutions.ca\/en\/wp-json\/wp\/v2\/pages\/6521","targetHints":{"allow":["GET"]}}],"collection":[{"href":"https:\/\/studio360solutions.ca\/en\/wp-json\/wp\/v2\/pages"}],"about":[{"href":"https:\/\/studio360solutions.ca\/en\/wp-json\/wp\/v2\/types\/page"}],"author":[{"embeddable":true,"href":"https:\/\/studio360solutions.ca\/en\/wp-json\/wp\/v2\/users\/1"}],"replies":[{"embeddable":true,"href":"https:\/\/studio360solutions.ca\/en\/wp-json\/wp\/v2\/comments?post=6521"}],"version-history":[{"count":0,"href":"https:\/\/studio360solutions.ca\/en\/wp-json\/wp\/v2\/pages\/6521\/revisions"}],"wp:attachment":[{"href":"https:\/\/studio360solutions.ca\/en\/wp-json\/wp\/v2\/media?parent=6521"}],"curies":[{"name":"wp","href":"https:\/\/api.w.org\/{rel}","templated":true}]}}