{"id":8595,"date":"2024-12-10T12:32:02","date_gmt":"2024-12-10T17:32:02","guid":{"rendered":"https:\/\/studio360solutions.ca\/?page_id=8595"},"modified":"2026-02-06T16:42:23","modified_gmt":"2026-02-06T21:42:23","slug":"welcome-2025-photographer-realestate-360-8595","status":"publish","type":"page","link":"https:\/\/studio360solutions.ca\/en\/","title":{"rendered":"Welcome 2025 &#8211; Photographer &#8211; realestate &#8211; 360"},"content":{"rendered":"\n<p><img decoding=\"async\" src=\"https:\/\/studio360solutions.ca\/wp-content\/uploads\/2024\/11\/Streamforge-036.jpg#8390\" alt=\"service-photographie-commercial-immobilier-designer-interieur-grand-montreal\"><br>Commercial<br>PHOTOGRAPHY<br>h2<br><a href=\"https:\/\/studio360solutions.ca\/photographe-hotel\/\">https:\/\/studio360solutions.ca\/photographe-hotel\/<\/a><br><br><img decoding=\"async\" src=\"https:\/\/studio360solutions.ca\/wp-content\/uploads\/2024\/11\/665guy01-017.jpg#8204\" alt=\"Photographe Immobilier Montreal - condo centre ville\"><br>REAL ESTATE<br>PHOTOGRAPHY<br>h2<br><a href=\"https:\/\/studio360solutions.ca\/en\/service-real-estate-photographer\/\">https:\/\/studio360solutions.ca\/en\/service-real-estate-photographer\/<\/a><br><br><img decoding=\"async\" src=\"https:\/\/studio360solutions.ca\/wp-content\/uploads\/2024\/11\/service-visite-virtuelle-360-industriel.jpeg#8432\" alt=\"service-visite-virtuelle-360-industriel\"><br>VIRTUAL TOUR 360\u00b0<br>PHOTOGRAPHY<br>h2<br><a href=\"https:\/\/studio360solutions.ca\/en\/visitevirtuelle360\/\">https:\/\/studio360solutions.ca\/en\/visitevirtuelle360\/<\/a><br><br><img decoding=\"async\" src=\"https:\/\/studio360solutions.ca\/wp-content\/uploads\/2024\/11\/produit360-chaussure-soccer.gif#8430\" alt=\"service-photographie-360-produit\"><br>PRODUCT 360\u00b0<br>PHOTOGRAPHY<br>h2<br><a href=\"https:\/\/studio360solutions.ca\/en\/introduction-produit-360\/\">https:\/\/studio360solutions.ca\/en\/introduction-produit-360\/<\/a><br><br>Vous avez des questions ? <br><br><h2><a href=\"mailto:info@studio360solutions.ca\">info@studio360solutions.ca<\/a><\/h2><br>icon-mail-line<br>#ffffff<br>center<br>middle<br>icon-mail-line<br>60px<br>#FFFFFF<br>#FFFFFF<br><br>Appelez-nous<br><br><h4><a href=\"tel:+18443602360\">+1 844 360 2360<\/a><\/h4><br>icon-comment-line<br>#ffffff<br>center<br>middle<br>icon-comment-line<br>60px<br>#ffffff<br>#ffff<br><br><br><br><h2>\u00c9crivez-nous<\/h2><br><br>Si vous avez des questions, n\\&#8217;h\u00e9sitez pas \u00e0 nous envoyer un message. Nous r\u00e9pondons sous !<br><br>Suivez-nous sur les m\u00e9dias sociaux:<br><br><br><br><a href=\"\" aria-label=\"button with icon\" class=\"icon_bar \" ><span class=\"t\"><i class=\"icon-lamp\"><\/i><\/span><span class=\"b\"><i class=\"icon-lamp\"><\/i><\/span><\/a>\n <a href=\"\" aria-label=\"button with icon\" class=\"icon_bar \" ><span class=\"t\"><i class=\"icon-lamp\"><\/i><\/span><span class=\"b\"><i class=\"icon-lamp\"><\/i><\/span><\/a>\n <a href=\"\" aria-label=\"button with icon\" class=\"icon_bar \" ><span class=\"t\"><i class=\"icon-lamp\"><\/i><\/span><span class=\"b\"><i class=\"icon-lamp\"><\/i><\/span><\/a>\n <a href=\"\" aria-label=\"button with icon\" class=\"icon_bar \" ><span class=\"t\"><i class=\"icon-lamp\"><\/i><\/span><span class=\"b\"><i class=\"icon-lamp\"><\/i><\/span><\/a>\n<br><br>6256<br><br><h2>OUR LATEST PROJECTS<\/h2><br><br><img decoding=\"async\" src=\"https:\/\/studio360solutions.ca\/wp-content\/uploads\/2024\/12\/RITMO-cafe-bar-037-preview-blog.jpg#8577\" alt=\"RITMO-cafe-bar-r\"><br>Lastest  project<br>RITMO Caf\u00e9 et Bar<br>h4<br><a href=\"https:\/\/studio360solutions.ca\/en\/photographer-commercial-cafe-bar-ritmo-quarter-latin\/\">https:\/\/studio360solutions.ca\/en\/photographer-commercial-cafe-bar-ritmo-quarter-latin\/<\/a><br><br><img decoding=\"async\" src=\"https:\/\/studio360solutions.ca\/wp-content\/uploads\/2024\/12\/Streamforge-030-preview-blog.jpg#8579\" alt=\"Streamforge-030-preview-blog-photographe-montreal\"><br>Lastest  project<br>RITMO Caf\u00e9 et Bar<br>h4<br><a href=\"https:\/\/studio360solutions.ca\/en\/project-photo-office-streamforge-bipede-atelier-de-design\/\">https:\/\/studio360solutions.ca\/en\/project-photo-office-streamforge-bipede-atelier-de-design\/<\/a><br><br><img decoding=\"async\" src=\"https:\/\/studio360solutions.ca\/wp-content\/uploads\/2024\/12\/AirbusH125-042-preview-blog.jpg#8575\" alt=\"photographer-montreal-AirbusH125-042-preview-blog\"><br>Lastest  project<br>RITMO Caf\u00e9 et Bar<br>h4<br><a href=\"https:\/\/studio360solutions.ca\/en\/photo-virtual-tour-360-video-airbush125\/\">https:\/\/studio360solutions.ca\/en\/photo-virtual-tour-360-video-airbush125\/<\/a><br><br><\/p>\n","protected":false},"excerpt":{"rendered":"<p>CommercialPHOTOGRAPHYh2https:\/\/studio360solutions.ca\/photographe-hotel\/ REAL ESTATEPHOTOGRAPHYh2https:\/\/studio360solutions.ca\/en\/service-real-estate-photographer\/ VIRTUAL TOUR 360\u00b0PHOTOGRAPHYh2https:\/\/studio360solutions.ca\/en\/visitevirtuelle360\/ PRODUCT 360\u00b0PHOTOGRAPHYh2https:\/\/studio360solutions.ca\/en\/introduction-produit-360\/ Vous avez des questions ? info@studio360solutions.ca icon-mail-line#ffffffcentermiddleicon-mail-line60px#FFFFFF#FFFFFF Appelez-nous +1 844 360 2360 icon-comment-line#ffffffcentermiddleicon-comment-line60px#ffffff#ffff \u00c9crivez-nous Si vous avez des<span class=\"excerpt-hellip\"> [\u2026]<\/span><\/p>\n","protected":false},"author":1,"featured_media":0,"parent":0,"menu_order":0,"comment_status":"closed","ping_status":"closed","template":"","meta":{"footnotes":""},"class_list":["post-8595","page","type-page","status-publish","hentry"],"_links":{"self":[{"href":"https:\/\/studio360solutions.ca\/en\/wp-json\/wp\/v2\/pages\/8595","targetHints":{"allow":["GET"]}}],"collection":[{"href":"https:\/\/studio360solutions.ca\/en\/wp-json\/wp\/v2\/pages"}],"about":[{"href":"https:\/\/studio360solutions.ca\/en\/wp-json\/wp\/v2\/types\/page"}],"author":[{"embeddable":true,"href":"https:\/\/studio360solutions.ca\/en\/wp-json\/wp\/v2\/users\/1"}],"replies":[{"embeddable":true,"href":"https:\/\/studio360solutions.ca\/en\/wp-json\/wp\/v2\/comments?post=8595"}],"version-history":[{"count":1,"href":"https:\/\/studio360solutions.ca\/en\/wp-json\/wp\/v2\/pages\/8595\/revisions"}],"predecessor-version":[{"id":8859,"href":"https:\/\/studio360solutions.ca\/en\/wp-json\/wp\/v2\/pages\/8595\/revisions\/8859"}],"wp:attachment":[{"href":"https:\/\/studio360solutions.ca\/en\/wp-json\/wp\/v2\/media?parent=8595"}],"curies":[{"name":"wp","href":"https:\/\/api.w.org\/{rel}","templated":true}]}}